{"id":81,"date":"2025-07-02T14:29:14","date_gmt":"2025-07-02T12:29:14","guid":{"rendered":"https:\/\/bamvisiontech.eus\/?page_id=81"},"modified":"2025-07-04T10:31:53","modified_gmt":"2025-07-04T08:31:53","slug":"paginas-legales","status":"publish","type":"page","link":"https:\/\/bamvisiontech.eus\/?page_id=81","title":{"rendered":"Aviso legal"},"content":{"rendered":"\n<p><strong>Identificaci\u00f3n del titular: <\/strong>El dominio bamvisiontech.eus es titularidad de ASOCIACI\u00d3N VASCA PARA EL DESARROLLO DE TECNOLOG\u00cdAS DE FABRICACI\u00d3N, CIF G56200728, con domicilio en AVENIDA LOS HUETOS, 75, oficina 27, 01010 VITORIA-GASTEIZ (ARABA\/\u00c1LAVA). Correo electr\u00f3nico de contacto: info@bamcenter.eus.<\/p>\n\n\n\n<p><strong>Condiciones de uso:<\/strong> El acceso a esta web implica la aceptaci\u00f3n de este Aviso Legal. Los contenidos del sitio tienen car\u00e1cter meramente informativo y la Asociaci\u00f3n podr\u00e1 modificarlos sin previo aviso.<\/p>\n\n\n\n<p><strong>Responsabilidad:<\/strong> La Asociaci\u00f3n no se hace responsable de los da\u00f1os derivados del uso del sitio ni de los contenidos de enlaces externos que puedan incluirse.<\/p>\n\n\n\n<p><strong>Propiedad intelectual:<\/strong> Todos los contenidos de este sitio web son propiedad de la Asociaci\u00f3n o de terceros con licencia, quedando prohibida su reproducci\u00f3n sin autorizaci\u00f3n expresa.<\/p>\n\n\n\n<p><strong>Protecci\u00f3n de datos personales:<\/strong> El tratamiento de los datos personales se rige por la Pol\u00edtica de Privacidad de este sitio.<\/p>\n\n\n\n<p><strong>Legislaci\u00f3n aplicable:<\/strong> La legislaci\u00f3n aplicable ser\u00e1 la espa\u00f1ola. Para la resoluci\u00f3n de controversias, las partes se someten a los tribunales competentes de Vitoria-Gasteiz.<\/p>\n\n\n\n<p>Fecha de \u00faltima actualizaci\u00f3n: Julio de 2025.<\/p>\n","protected":false},"excerpt":{"rendered":"<p>Identificaci\u00f3n del titular: El dominio bamvisiontech.eus es titularidad de ASOCIACI\u00d3N VASCA PARA EL DESARROLLO DE TECNOLOG\u00cdAS DE FABRICACI\u00d3N, CIF G56200728, con domicilio en AVENIDA LOS HUETOS, 75, oficina 27, 01010 VITORIA-GASTEIZ (ARABA\/\u00c1LAVA). Correo electr\u00f3nico de contacto: info@bamcenter.eus. Condiciones de uso: El acceso a esta web implica la aceptaci\u00f3n de este Aviso Legal. Los contenidos del [&hellip;]<\/p>\n","protected":false},"author":3,"featured_media":0,"parent":0,"menu_order":0,"comment_status":"closed","ping_status":"closed","template":"page-interior.php","meta":{"footnotes":""},"class_list":["post-81","page","type-page","status-publish","hentry"],"_links":{"self":[{"href":"https:\/\/bamvisiontech.eus\/index.php?rest_route=\/wp\/v2\/pages\/81","targetHints":{"allow":["GET"]}}],"collection":[{"href":"https:\/\/bamvisiontech.eus\/index.php?rest_route=\/wp\/v2\/pages"}],"about":[{"href":"https:\/\/bamvisiontech.eus\/index.php?rest_route=\/wp\/v2\/types\/page"}],"author":[{"embeddable":true,"href":"https:\/\/bamvisiontech.eus\/index.php?rest_route=\/wp\/v2\/users\/3"}],"replies":[{"embeddable":true,"href":"https:\/\/bamvisiontech.eus\/index.php?rest_route=%2Fwp%2Fv2%2Fcomments&post=81"}],"version-history":[{"count":3,"href":"https:\/\/bamvisiontech.eus\/index.php?rest_route=\/wp\/v2\/pages\/81\/revisions"}],"predecessor-version":[{"id":151,"href":"https:\/\/bamvisiontech.eus\/index.php?rest_route=\/wp\/v2\/pages\/81\/revisions\/151"}],"wp:attachment":[{"href":"https:\/\/bamvisiontech.eus\/index.php?rest_route=%2Fwp%2Fv2%2Fmedia&parent=81"}],"curies":[{"name":"wp","href":"https:\/\/api.w.org\/{rel}","templated":true}]}}