{"id":136,"date":"2025-07-03T14:37:29","date_gmt":"2025-07-03T12:37:29","guid":{"rendered":"https:\/\/bamvisiontech.eus\/?page_id=136"},"modified":"2025-07-04T10:33:04","modified_gmt":"2025-07-04T08:33:04","slug":"politica-de-privacidad","status":"publish","type":"page","link":"https:\/\/bamvisiontech.eus\/?page_id=136","title":{"rendered":"Pol\u00edtica de privacidad"},"content":{"rendered":"\n<p><strong>Responsable del tratamiento:<\/strong> ASOCIACI\u00d3N VASCA PARA EL DESARROLLO DE TECNOLOG\u00cdAS DE FABRICACI\u00d3N (CIF G56200728), con domicilio en AVENIDA LOS HUETOS, 75, oficina 27, 01010 VITORIA-GASTEIZ (ARABA\/\u00c1LAVA) y correo electr\u00f3nico de contacto: info@bamcenter.eus, es responsable del tratamiento de los datos personales recabados en este sitio web. Esta pol\u00edtica de privacidad cumple con el Reglamento (UE) 2016\/679 (RGPD) y la normativa espa\u00f1ola aplicable (LOPDGDD).<\/p>\n\n\n\n<p><strong>Datos recabados y finalidad:<\/strong> Se recoger\u00e1n los datos personales que usted facilite voluntariamente a trav\u00e9s de los formularios de contacto o suscripci\u00f3n presentes en la web. Los datos se utilizar\u00e1n para atender sus consultas, remitirle informaci\u00f3n comercial o newsletters (en caso de que lo haya solicitado) y gestionar la relaci\u00f3n con el usuario.<\/p>\n\n\n\n<p><strong>Anal\u00edtica web:<\/strong> Este sitio web puede utilizar herramientas de an\u00e1lisis como Google Analytics, que emplean cookies para recopilar datos estad\u00edsticos an\u00f3nimos de navegaci\u00f3n.<\/p>\n\n\n\n<p><strong>Destinatarios:<\/strong> Sus datos no se ceder\u00e1n a terceros salvo obligaci\u00f3n legal o a proveedores que presten servicios estrictamente necesarios para el funcionamiento del sitio web.<\/p>\n\n\n\n<p><strong>Derechos del usuario:<\/strong> Puede ejercer sus derechos de acceso, rectificaci\u00f3n, supresi\u00f3n, oposici\u00f3n, limitaci\u00f3n del tratamiento y portabilidad enviando un correo electr\u00f3nico a info@bamcenter.eus.<\/p>\n\n\n\n<p><strong>Conservaci\u00f3n y seguridad:<\/strong> Los datos se conservar\u00e1n mientras exista una relaci\u00f3n con el usuario y durante los plazos legalmente exigibles. El responsable aplicar\u00e1 las medidas de seguridad adecuadas para garantizar la protecci\u00f3n de la informaci\u00f3n.<\/p>\n","protected":false},"excerpt":{"rendered":"<p>Responsable del tratamiento: ASOCIACI\u00d3N VASCA PARA EL DESARROLLO DE TECNOLOG\u00cdAS DE FABRICACI\u00d3N (CIF G56200728), con domicilio en AVENIDA LOS HUETOS, 75, oficina 27, 01010 VITORIA-GASTEIZ (ARABA\/\u00c1LAVA) y correo electr\u00f3nico de contacto: info@bamcenter.eus, es responsable del tratamiento de los datos personales recabados en este sitio web. Esta pol\u00edtica de privacidad cumple con el Reglamento (UE) 2016\/679 [&hellip;]<\/p>\n","protected":false},"author":3,"featured_media":0,"parent":0,"menu_order":0,"comment_status":"closed","ping_status":"closed","template":"page-interior.php","meta":{"footnotes":""},"class_list":["post-136","page","type-page","status-publish","hentry"],"_links":{"self":[{"href":"https:\/\/bamvisiontech.eus\/index.php?rest_route=\/wp\/v2\/pages\/136","targetHints":{"allow":["GET"]}}],"collection":[{"href":"https:\/\/bamvisiontech.eus\/index.php?rest_route=\/wp\/v2\/pages"}],"about":[{"href":"https:\/\/bamvisiontech.eus\/index.php?rest_route=\/wp\/v2\/types\/page"}],"author":[{"embeddable":true,"href":"https:\/\/bamvisiontech.eus\/index.php?rest_route=\/wp\/v2\/users\/3"}],"replies":[{"embeddable":true,"href":"https:\/\/bamvisiontech.eus\/index.php?rest_route=%2Fwp%2Fv2%2Fcomments&post=136"}],"version-history":[{"count":2,"href":"https:\/\/bamvisiontech.eus\/index.php?rest_route=\/wp\/v2\/pages\/136\/revisions"}],"predecessor-version":[{"id":152,"href":"https:\/\/bamvisiontech.eus\/index.php?rest_route=\/wp\/v2\/pages\/136\/revisions\/152"}],"wp:attachment":[{"href":"https:\/\/bamvisiontech.eus\/index.php?rest_route=%2Fwp%2Fv2%2Fmedia&parent=136"}],"curies":[{"name":"wp","href":"https:\/\/api.w.org\/{rel}","templated":true}]}}